{"id":18771,"date":"2023-11-21T11:05:10","date_gmt":"2023-11-21T11:05:10","guid":{"rendered":"https:\/\/www.g-portal.com\/wiki\/?page_id=18771"},"modified":"2025-12-12T10:20:50","modified_gmt":"2025-12-12T10:20:50","slug":"rust","status":"publish","type":"page","link":"https:\/\/www.g-portal.com\/wiki\/es\/rust\/","title":{"rendered":"RUST"},"content":{"rendered":"<p>[vc_row][vc_column][vc_empty_space height=\u00bb30px\u00bb][vc_column_text el_class=\u00bbwb-mt-3&#8243;]<\/p>\n<h2 class=\"wb-mt-3\"><span data-sheets-value=\"{&quot;1&quot;:2,&quot;2&quot;:&quot;Basic Serversettings&quot;}\" data-sheets-userformat=\"{&quot;2&quot;:49665,&quot;3&quot;:{&quot;1&quot;:0},&quot;12&quot;:0,&quot;17&quot;:1,&quot;18&quot;:1}\">Visi\u00f3n general<\/span><\/h2>\n<div class=\"wiki_anchor\"><a href=\"#configuraci-n-b-sica-del-servidor\">Configuraci\u00f3n b\u00e1sica del servidor<\/a> <a href=\"#configuraciones-avanzadas-de-servidor\">Configuraci\u00f3n adicional del servidor<\/a> <a href=\"#configuraci-n-de-servidor-para-expertos\">Configuraci\u00f3n avanzada del servidor<\/a> <a href=\"#preguntas-b-sicas-faq\">Preguntas b\u00e1sicas \/ FAQ<\/a><\/div>\n<p>[\/vc_column_text][vc_empty_space height=\u00bb60px\u00bb][vc_column_text el_class=\u00bbwb-mt-3&#8243;]<\/p>\n<h2 class=\"wb-mt-3\"><span data-sheets-value=\"{&quot;1&quot;:2,&quot;2&quot;:&quot;Configuraci\u00f3n b\u00e1sica del servidor&quot;}\" data-sheets-userformat=\"{&quot;2&quot;:513,&quot;3&quot;:{&quot;1&quot;:0},&quot;12&quot;:0}\">Configuraci\u00f3n b\u00e1sica del servidor<\/span><\/h2>\n<p>[\/vc_column_text][vc_basic_grid post_type=\u00bbcustom\u00bb gap=\u00bb20&#8243; item=\u00bb4695&#8243; initial_loading_animation=\u00bbnone\u00bb grid_id=\u00bbvc_gid:1765534683259-50408a12-eef7-2&#8243; custom_query=\u00bbmeta_key=gamekey&amp;meta_value=rust&amp;post_status=publish&amp;category_name=basis-serverkonfiguration&amp;posts_per_page=-1&#8243; el_class=\u00bbwiki-post-list\u00bb][vc_empty_space height=\u00bb60px\u00bb][vc_column_text el_class=\u00bbwb-mt-3&#8243;]<\/p>\n<h2 class=\"wb-mt-3\"><span data-sheets-value=\"{&quot;1&quot;:2,&quot;2&quot;:&quot;Configuraciones avanzadas de servidor&quot;}\" data-sheets-userformat=\"{&quot;2&quot;:513,&quot;3&quot;:{&quot;1&quot;:0},&quot;12&quot;:0}\">Configuraciones avanzadas de servidor<\/span><\/h2>\n<p>[\/vc_column_text][vc_basic_grid post_type=\u00bbcustom\u00bb gap=\u00bb20&#8243; item=\u00bb4695&#8243; initial_loading_animation=\u00bbnone\u00bb grid_id=\u00bbvc_gid:1765534683260-8ab08b30-a121-2&#8243; custom_query=\u00bbmeta_key=gamekey&amp;meta_value=rust&amp;post_status=publish&amp;category_name=erweiterte-serverkonfiguration&amp;posts_per_page=-1&#8243; el_class=\u00bbwiki-post-list\u00bb][vc_empty_space height=\u00bb60px\u00bb][vc_column_text el_class=\u00bbwb-mt-3&#8243;]<\/p>\n<h2 class=\"rich-text editor-rich-text__editable block-editor-rich-text__editable is-selected\" role=\"textbox\" contenteditable=\"true\" aria-multiline=\"true\" aria-label=\"Write heading\u2026\"><span data-sheets-value=\"{&quot;1&quot;:2,&quot;2&quot;:&quot;Configuraci\u00f3n de servidor para expertos&quot;}\" data-sheets-userformat=\"{&quot;2&quot;:513,&quot;3&quot;:{&quot;1&quot;:0},&quot;12&quot;:0}\">Configuraci\u00f3n de servidor para expertos<\/span><\/h2>\n<p>[\/vc_column_text][vc_basic_grid post_type=\u00bbcustom\u00bb gap=\u00bb20&#8243; item=\u00bb4695&#8243; initial_loading_animation=\u00bbnone\u00bb grid_id=\u00bbvc_gid:1765534683261-a8440a9b-001b-6&#8243; custom_query=\u00bbmeta_key=gamekey&amp;meta_value=rust&amp;post_status=publish&amp;category_name=experten-serverkonfiguration&amp;posts_per_page=-1&#8243; el_class=\u00bbwiki-post-list\u00bb][vc_empty_space height=\u00bb60px\u00bb][vc_column_text el_class=\u00bbwb-mt-3&#8243;]<\/p>\n<h2 class=\"wb-mt-3\"><span data-sheets-value=\"{&quot;1&quot;:2,&quot;2&quot;:&quot;Preguntas b\u00e1sicas \/ FAQ&quot;}\" data-sheets-userformat=\"{&quot;2&quot;:513,&quot;3&quot;:{&quot;1&quot;:0},&quot;12&quot;:0}\">Preguntas b\u00e1sicas \/ FAQ<\/span><\/h2>\n<p>[\/vc_column_text][vc_basic_grid post_type=\u00bbcustom\u00bb gap=\u00bb20&#8243; item=\u00bb4695&#8243; initial_loading_animation=\u00bbnone\u00bb grid_id=\u00bbvc_gid:1765534683263-0d4d05e0-d560-6&#8243; custom_query=\u00bbmeta_key=gamekey&amp;meta_value=rust&amp;post_status=publish&amp;category_name=grundlegende-fragen-faq&amp;posts_per_page=-1&#8243; el_class=\u00bbwiki-post-list\u00bb][vc_empty_space height=\u00bb60px\u00bb][\/vc_column][\/vc_row]<\/p>\n","protected":false},"excerpt":{"rendered":"<p>[vc_row][vc_column][vc_empty_space height=\u00bb30px\u00bb][vc_column_text el_class=\u00bbwb-mt-3&#8243;] Visi\u00f3n general Configuraci\u00f3n b\u00e1sica del servidor Configuraci\u00f3n adicional del servidor Configuraci\u00f3n avanzada del servidor Preguntas b\u00e1sicas \/ FAQ [\/vc_column_text][vc_empty_space height=\u00bb60px\u00bb][vc_column_text el_class=\u00bbwb-mt-3&#8243;] Configuraci\u00f3n b\u00e1sica del servidor [\/vc_column_text][vc_basic_grid post_type=\u00bbcustom\u00bb gap=\u00bb20&#8243; item=\u00bb4695&#8243; initial_loading_animation=\u00bbnone\u00bb grid_id=\u00bbvc_gid:1765534683259-50408a12-eef7-2&#8243; custom_query=\u00bbmeta_key=gamekey&amp;meta_value=rust&amp;post_status=publish&amp;category_name=basis-serverkonfiguration&amp;posts_per_page=-1&#8243; el_class=\u00bbwiki-post-list\u00bb][vc_empty_space height=\u00bb60px\u00bb][vc_column_text el_class=\u00bbwb-mt-3&#8243;] Configuraciones avanzadas de servidor [\/vc_column_text][vc_basic_grid post_type=\u00bbcustom\u00bb gap=\u00bb20&#8243; item=\u00bb4695&#8243; initial_loading_animation=\u00bbnone\u00bb grid_id=\u00bbvc_gid:1765534683260-8ab08b30-a121-2&#8243; custom_query=\u00bbmeta_key=gamekey&amp;meta_value=rust&amp;post_status=publish&amp;category_name=erweiterte-serverkonfiguration&amp;posts_per_page=-1&#8243; el_class=\u00bbwiki-post-list\u00bb][vc_empty_space height=\u00bb60px\u00bb][vc_column_text el_class=\u00bbwb-mt-3&#8243;] Configuraci\u00f3n de servidor para expertos [\/vc_column_text][vc_basic_grid post_type=\u00bbcustom\u00bb gap=\u00bb20&#8243; item=\u00bb4695&#8243; initial_loading_animation=\u00bbnone\u00bb grid_id=\u00bbvc_gid:1765534683261-a8440a9b-001b-6&#8243; custom_query=\u00bbmeta_key=gamekey&amp;meta_value=rust&amp;post_status=publish&amp;category_name=experten-serverkonfiguration&amp;posts_per_page=-1&#8243; el_class=\u00bbwiki-post-list\u00bb][vc_empty_space height=\u00bb60px\u00bb][vc_column_text el_class=\u00bbwb-mt-3&#8243;] Preguntas b\u00e1sicas \/ FAQ [\/vc_column_text][vc_basic_grid post_type=\u00bbcustom\u00bb gap=\u00bb20&#8243; item=\u00bb4695&#8243; initial_loading_animation=\u00bbnone\u00bb grid_id=\u00bbvc_gid:1765534683263-0d4d05e0-d560-6&#8243; custom_query=\u00bbmeta_key=gamekey&amp;meta_value=rust&amp;post_status=publish&amp;category_name=grundlegende-fragen-faq&amp;posts_per_page=-1&#8243; el_class=\u00bbwiki-post-list\u00bb][vc_empty_space height=\u00bb60px\u00bb][\/vc_column][\/vc_row]<\/p>\n","protected":false},"author":16,"featured_media":0,"parent":0,"menu_order":0,"comment_status":"closed","ping_status":"closed","template":"page-single-template.php","meta":{"_acf_changed":false,"footnotes":""},"acf":[],"yoast_head":"<!-- This site is optimized with the Yoast SEO plugin v22.9 - https:\/\/yoast.com\/wordpress\/plugins\/seo\/ -->\n<title>RUST \u279c Tous les r\u00e9glages et infos du serveur | GPORTAL Wiki<\/title>\n<meta name=\"description\" content=\"\u2714 Tu trouveras toutes les infos sur nos param\u00e8tres de serveur RUST dans notre Wiki GPORTAL \u2714 \u25b6 Tu y trouveras ton bonheur !\" \/>\n<meta name=\"robots\" content=\"index, follow, max-snippet:-1, max-image-preview:large, max-video-preview:-1\" \/>\n<link rel=\"canonical\" href=\"https:\/\/www.g-portal.com\/wiki\/es\/rust\/\" \/>\n<meta property=\"og:locale\" content=\"es_ES\" \/>\n<meta property=\"og:type\" content=\"article\" \/>\n<meta property=\"og:title\" content=\"RUST \u279c Tous les r\u00e9glages et infos du serveur | GPORTAL Wiki\" \/>\n<meta property=\"og:description\" content=\"\u2714 Tu trouveras toutes les infos sur nos param\u00e8tres de serveur RUST dans notre Wiki GPORTAL \u2714 \u25b6 Tu y trouveras ton bonheur !\" \/>\n<meta property=\"og:url\" content=\"https:\/\/www.g-portal.com\/wiki\/es\/rust\/\" \/>\n<meta property=\"og:site_name\" content=\"GPORTAL Wiki\" \/>\n<meta property=\"article:modified_time\" content=\"2025-12-12T10:20:50+00:00\" \/>\n<meta name=\"twitter:card\" content=\"summary_large_image\" \/>\n<meta name=\"twitter:label1\" content=\"Tiempo de lectura\" \/>\n\t<meta name=\"twitter:data1\" content=\"1 minuto\" \/>\n<script type=\"application\/ld+json\" class=\"yoast-schema-graph\">{\"@context\":\"https:\/\/schema.org\",\"@graph\":[{\"@type\":\"WebPage\",\"@id\":\"https:\/\/www.g-portal.com\/wiki\/es\/rust\/\",\"url\":\"https:\/\/www.g-portal.com\/wiki\/es\/rust\/\",\"name\":\"RUST \u279c Tous les r\u00e9glages et infos du serveur | GPORTAL Wiki\",\"isPartOf\":{\"@id\":\"https:\/\/www.g-portal.com\/wiki\/en\/#website\"},\"datePublished\":\"2023-11-21T11:05:10+00:00\",\"dateModified\":\"2025-12-12T10:20:50+00:00\",\"description\":\"\u2714 Tu trouveras toutes les infos sur nos param\u00e8tres de serveur RUST dans notre Wiki GPORTAL \u2714 \u25b6 Tu y trouveras ton bonheur !\",\"breadcrumb\":{\"@id\":\"https:\/\/www.g-portal.com\/wiki\/es\/rust\/#breadcrumb\"},\"inLanguage\":\"es\",\"potentialAction\":[{\"@type\":\"ReadAction\",\"target\":[\"https:\/\/www.g-portal.com\/wiki\/es\/rust\/\"]}]},{\"@type\":\"BreadcrumbList\",\"@id\":\"https:\/\/www.g-portal.com\/wiki\/es\/rust\/#breadcrumb\",\"itemListElement\":[{\"@type\":\"ListItem\",\"position\":1,\"name\":\"Home\",\"item\":\"https:\/\/www.g-portal.com\/wiki\/en\/\"},{\"@type\":\"ListItem\",\"position\":2,\"name\":\"RUST\"}]},{\"@type\":\"WebSite\",\"@id\":\"https:\/\/www.g-portal.com\/wiki\/en\/#website\",\"url\":\"https:\/\/www.g-portal.com\/wiki\/en\/\",\"name\":\"GPORTAL Wiki\",\"description\":\"GPORTAL Wiki\",\"potentialAction\":[{\"@type\":\"SearchAction\",\"target\":{\"@type\":\"EntryPoint\",\"urlTemplate\":\"https:\/\/www.g-portal.com\/wiki\/en\/?s={search_term_string}\"},\"query-input\":\"required name=search_term_string\"}],\"inLanguage\":\"es\"}]}<\/script>\n<!-- \/ Yoast SEO plugin. -->","yoast_head_json":{"title":"RUST \u279c Tous les r\u00e9glages et infos du serveur | GPORTAL Wiki","description":"\u2714 Tu trouveras toutes les infos sur nos param\u00e8tres de serveur RUST dans notre Wiki GPORTAL \u2714 \u25b6 Tu y trouveras ton bonheur !","robots":{"index":"index","follow":"follow","max-snippet":"max-snippet:-1","max-image-preview":"max-image-preview:large","max-video-preview":"max-video-preview:-1"},"canonical":"https:\/\/www.g-portal.com\/wiki\/es\/rust\/","og_locale":"es_ES","og_type":"article","og_title":"RUST \u279c Tous les r\u00e9glages et infos du serveur | GPORTAL Wiki","og_description":"\u2714 Tu trouveras toutes les infos sur nos param\u00e8tres de serveur RUST dans notre Wiki GPORTAL \u2714 \u25b6 Tu y trouveras ton bonheur !","og_url":"https:\/\/www.g-portal.com\/wiki\/es\/rust\/","og_site_name":"GPORTAL Wiki","article_modified_time":"2025-12-12T10:20:50+00:00","twitter_card":"summary_large_image","twitter_misc":{"Tiempo de lectura":"1 minuto"},"schema":{"@context":"https:\/\/schema.org","@graph":[{"@type":"WebPage","@id":"https:\/\/www.g-portal.com\/wiki\/es\/rust\/","url":"https:\/\/www.g-portal.com\/wiki\/es\/rust\/","name":"RUST \u279c Tous les r\u00e9glages et infos du serveur | GPORTAL Wiki","isPartOf":{"@id":"https:\/\/www.g-portal.com\/wiki\/en\/#website"},"datePublished":"2023-11-21T11:05:10+00:00","dateModified":"2025-12-12T10:20:50+00:00","description":"\u2714 Tu trouveras toutes les infos sur nos param\u00e8tres de serveur RUST dans notre Wiki GPORTAL \u2714 \u25b6 Tu y trouveras ton bonheur !","breadcrumb":{"@id":"https:\/\/www.g-portal.com\/wiki\/es\/rust\/#breadcrumb"},"inLanguage":"es","potentialAction":[{"@type":"ReadAction","target":["https:\/\/www.g-portal.com\/wiki\/es\/rust\/"]}]},{"@type":"BreadcrumbList","@id":"https:\/\/www.g-portal.com\/wiki\/es\/rust\/#breadcrumb","itemListElement":[{"@type":"ListItem","position":1,"name":"Home","item":"https:\/\/www.g-portal.com\/wiki\/en\/"},{"@type":"ListItem","position":2,"name":"RUST"}]},{"@type":"WebSite","@id":"https:\/\/www.g-portal.com\/wiki\/en\/#website","url":"https:\/\/www.g-portal.com\/wiki\/en\/","name":"GPORTAL Wiki","description":"GPORTAL Wiki","potentialAction":[{"@type":"SearchAction","target":{"@type":"EntryPoint","urlTemplate":"https:\/\/www.g-portal.com\/wiki\/en\/?s={search_term_string}"},"query-input":"required name=search_term_string"}],"inLanguage":"es"}]}},"_links":{"self":[{"href":"https:\/\/www.g-portal.com\/wiki\/es\/wp-json\/wp\/v2\/pages\/18771"}],"collection":[{"href":"https:\/\/www.g-portal.com\/wiki\/es\/wp-json\/wp\/v2\/pages"}],"about":[{"href":"https:\/\/www.g-portal.com\/wiki\/es\/wp-json\/wp\/v2\/types\/page"}],"author":[{"embeddable":true,"href":"https:\/\/www.g-portal.com\/wiki\/es\/wp-json\/wp\/v2\/users\/16"}],"replies":[{"embeddable":true,"href":"https:\/\/www.g-portal.com\/wiki\/es\/wp-json\/wp\/v2\/comments?post=18771"}],"version-history":[{"count":9,"href":"https:\/\/www.g-portal.com\/wiki\/es\/wp-json\/wp\/v2\/pages\/18771\/revisions"}],"predecessor-version":[{"id":26875,"href":"https:\/\/www.g-portal.com\/wiki\/es\/wp-json\/wp\/v2\/pages\/18771\/revisions\/26875"}],"wp:attachment":[{"href":"https:\/\/www.g-portal.com\/wiki\/es\/wp-json\/wp\/v2\/media?parent=18771"}],"curies":[{"name":"wp","href":"https:\/\/api.w.org\/{rel}","templated":true}]}}