{"id":5908,"date":"2021-06-10T17:50:37","date_gmt":"2021-06-10T17:50:37","guid":{"rendered":"https:\/\/www.g-portal.com\/wiki\/?page_id=5908"},"modified":"2025-12-12T09:50:35","modified_gmt":"2025-12-12T09:50:35","slug":"conan-exiles","status":"publish","type":"page","link":"https:\/\/www.g-portal.com\/wiki\/fr\/conan-exiles\/","title":{"rendered":"Conan Exiles"},"content":{"rendered":"<p>[vc_row][vc_column][vc_column_text el_class=\u00a0\u00bbwb-mt-3&Prime;]<\/p>\n<h2 class=\"wb-mt-3\"><span data-sheets-value=\"{&quot;1&quot;:2,&quot;2&quot;:&quot;Configuration de base du serveur&quot;}\" data-sheets-userformat=\"{&quot;2&quot;:513,&quot;3&quot;:{&quot;1&quot;:0},&quot;12&quot;:0}\">Configuration de base du serveur<\/span><\/h2>\n<p>[\/vc_column_text][vc_basic_grid post_type=\u00a0\u00bbcustom\u00a0\u00bb gap=\u00a0\u00bb20&Prime; item=\u00a0\u00bb4695&Prime; initial_loading_animation=\u00a0\u00bbnone\u00a0\u00bb grid_id=\u00a0\u00bbvc_gid:1765532947146-49ac9dcb-802a-1&Prime; custom_query=\u00a0\u00bbmeta_key=gamekey&amp;meta_value=conanExiles&amp;post_status=publish&amp;category_name=basis-serverkonfiguration&amp;posts_per_page=-1&Prime; el_class=\u00a0\u00bbwiki-post-list\u00a0\u00bb][vc_empty_space height=\u00a0\u00bb60px\u00a0\u00bb][vc_column_text el_class=\u00a0\u00bbwb-mt-3&Prime;]<\/p>\n<h2 class=\"wb-mt-3\"><span data-sheets-value=\"{&quot;1&quot;:2,&quot;2&quot;:&quot;Configuration avanc\u00e9e du serveur&quot;}\" data-sheets-userformat=\"{&quot;2&quot;:513,&quot;3&quot;:{&quot;1&quot;:0},&quot;12&quot;:0}\">Configuration avanc\u00e9e du serveur<\/span><\/h2>\n<p>[\/vc_column_text][vc_basic_grid post_type=\u00a0\u00bbcustom\u00a0\u00bb gap=\u00a0\u00bb20&Prime; item=\u00a0\u00bb4695&Prime; initial_loading_animation=\u00a0\u00bbnone\u00a0\u00bb grid_id=\u00a0\u00bbvc_gid:1765532947149-844fe142-7435-1&Prime; custom_query=\u00a0\u00bbmeta_key=gamekey&amp;meta_value=conanExiles&amp;post_status=publish&amp;category_name=erweiterte-serverkonfiguration&amp;posts_per_page=-1&Prime; el_class=\u00a0\u00bbwiki-post-list\u00a0\u00bb][vc_empty_space height=\u00a0\u00bb60px\u00a0\u00bb][vc_column_text el_class=\u00a0\u00bbwb-mt-3&Prime;]<\/p>\n<h2 class=\"wb-mt-3\"><span data-sheets-value=\"{&quot;1&quot;:2,&quot;2&quot;:&quot;Questions g\u00e9n\u00e9rales \/ FAQ&quot;}\" data-sheets-userformat=\"{&quot;2&quot;:513,&quot;3&quot;:{&quot;1&quot;:0},&quot;12&quot;:0}\">Questions g\u00e9n\u00e9rales \/ FAQ<\/span><\/h2>\n<p>[\/vc_column_text][vc_basic_grid post_type=\u00a0\u00bbcustom\u00a0\u00bb gap=\u00a0\u00bb20&Prime; item=\u00a0\u00bb4695&Prime; initial_loading_animation=\u00a0\u00bbnone\u00a0\u00bb grid_id=\u00a0\u00bbvc_gid:1765532947150-3f4f915e-be48-6&Prime; custom_query=\u00a0\u00bbmeta_key=gamekey&amp;meta_value=conanExiles&amp;post_status=publish&amp;category_name=grundlegende-fragen-faq&amp;posts_per_page=-1&Prime; el_class=\u00a0\u00bbwiki-post-list\u00a0\u00bb][vc_empty_space height=\u00a0\u00bb60px\u00a0\u00bb][\/vc_column][\/vc_row]<\/p>\n","protected":false},"excerpt":{"rendered":"<p>[vc_row][vc_column][vc_column_text el_class=\u00a0\u00bbwb-mt-3&Prime;] Configuration de base du serveur [\/vc_column_text][vc_basic_grid post_type=\u00a0\u00bbcustom\u00a0\u00bb gap=\u00a0\u00bb20&Prime; item=\u00a0\u00bb4695&Prime; initial_loading_animation=\u00a0\u00bbnone\u00a0\u00bb grid_id=\u00a0\u00bbvc_gid:1765532947146-49ac9dcb-802a-1&Prime; custom_query=\u00a0\u00bbmeta_key=gamekey&amp;meta_value=conanExiles&amp;post_status=publish&amp;category_name=basis-serverkonfiguration&amp;posts_per_page=-1&Prime; el_class=\u00a0\u00bbwiki-post-list\u00a0\u00bb][vc_empty_space height=\u00a0\u00bb60px\u00a0\u00bb][vc_column_text el_class=\u00a0\u00bbwb-mt-3&Prime;] Configuration avanc\u00e9e du serveur [\/vc_column_text][vc_basic_grid post_type=\u00a0\u00bbcustom\u00a0\u00bb gap=\u00a0\u00bb20&Prime; item=\u00a0\u00bb4695&Prime; initial_loading_animation=\u00a0\u00bbnone\u00a0\u00bb grid_id=\u00a0\u00bbvc_gid:1765532947149-844fe142-7435-1&Prime; custom_query=\u00a0\u00bbmeta_key=gamekey&amp;meta_value=conanExiles&amp;post_status=publish&amp;category_name=erweiterte-serverkonfiguration&amp;posts_per_page=-1&Prime; el_class=\u00a0\u00bbwiki-post-list\u00a0\u00bb][vc_empty_space height=\u00a0\u00bb60px\u00a0\u00bb][vc_column_text el_class=\u00a0\u00bbwb-mt-3&Prime;] Questions g\u00e9n\u00e9rales \/ FAQ [\/vc_column_text][vc_basic_grid post_type=\u00a0\u00bbcustom\u00a0\u00bb gap=\u00a0\u00bb20&Prime; item=\u00a0\u00bb4695&Prime; initial_loading_animation=\u00a0\u00bbnone\u00a0\u00bb grid_id=\u00a0\u00bbvc_gid:1765532947150-3f4f915e-be48-6&Prime; custom_query=\u00a0\u00bbmeta_key=gamekey&amp;meta_value=conanExiles&amp;post_status=publish&amp;category_name=grundlegende-fragen-faq&amp;posts_per_page=-1&Prime; el_class=\u00a0\u00bbwiki-post-list\u00a0\u00bb][vc_empty_space height=\u00a0\u00bb60px\u00a0\u00bb][\/vc_column][\/vc_row]<\/p>\n","protected":false},"author":2,"featured_media":0,"parent":0,"menu_order":0,"comment_status":"closed","ping_status":"closed","template":"page-single-template.php","meta":{"_acf_changed":false,"footnotes":""},"acf":[],"yoast_head":"<!-- This site is optimized with the Yoast SEO plugin v22.9 - https:\/\/yoast.com\/wordpress\/plugins\/seo\/ -->\n<title>Conan Exiles \u279c Tous les param\u00e8tres du serveur | GPORTAL Wiki<\/title>\n<meta name=\"description\" content=\"Toutes les informations concernant nos param\u00e8tres de serveur Conan Exiles peuvent \u00eatre trouv\u00e9es dans notre GPORTAL Wiki \u2714 Des sauvegardes aux commandes d&#039;administration \u25b6 Vous les trouverez ici !\" \/>\n<meta name=\"robots\" content=\"index, follow, max-snippet:-1, max-image-preview:large, max-video-preview:-1\" \/>\n<link rel=\"canonical\" href=\"https:\/\/www.g-portal.com\/wiki\/fr\/conan-exiles\/\" \/>\n<meta property=\"og:locale\" content=\"fr_FR\" \/>\n<meta property=\"og:type\" content=\"article\" \/>\n<meta property=\"og:title\" content=\"Conan Exiles \u279c Tous les param\u00e8tres du serveur | GPORTAL Wiki\" \/>\n<meta property=\"og:description\" content=\"Toutes les informations concernant nos param\u00e8tres de serveur Conan Exiles peuvent \u00eatre trouv\u00e9es dans notre GPORTAL Wiki \u2714 Des sauvegardes aux commandes d&#039;administration \u25b6 Vous les trouverez ici !\" \/>\n<meta property=\"og:url\" content=\"https:\/\/www.g-portal.com\/wiki\/fr\/conan-exiles\/\" \/>\n<meta property=\"og:site_name\" content=\"GPORTAL Wiki\" \/>\n<meta property=\"article:modified_time\" content=\"2025-12-12T09:50:35+00:00\" \/>\n<meta name=\"twitter:card\" content=\"summary_large_image\" \/>\n<meta name=\"twitter:label1\" content=\"Dur\u00e9e de lecture estim\u00e9e\" \/>\n\t<meta name=\"twitter:data1\" content=\"1 minute\" \/>\n<script type=\"application\/ld+json\" class=\"yoast-schema-graph\">{\"@context\":\"https:\/\/schema.org\",\"@graph\":[{\"@type\":\"WebPage\",\"@id\":\"https:\/\/www.g-portal.com\/wiki\/fr\/conan-exiles\/\",\"url\":\"https:\/\/www.g-portal.com\/wiki\/fr\/conan-exiles\/\",\"name\":\"Conan Exiles \u279c Tous les param\u00e8tres du serveur | GPORTAL Wiki\",\"isPartOf\":{\"@id\":\"https:\/\/www.g-portal.com\/wiki\/en\/#website\"},\"datePublished\":\"2021-06-10T17:50:37+00:00\",\"dateModified\":\"2025-12-12T09:50:35+00:00\",\"description\":\"Toutes les informations concernant nos param\u00e8tres de serveur Conan Exiles peuvent \u00eatre trouv\u00e9es dans notre GPORTAL Wiki \u2714 Des sauvegardes aux commandes d'administration \u25b6 Vous les trouverez ici !\",\"breadcrumb\":{\"@id\":\"https:\/\/www.g-portal.com\/wiki\/fr\/conan-exiles\/#breadcrumb\"},\"inLanguage\":\"fr-FR\",\"potentialAction\":[{\"@type\":\"ReadAction\",\"target\":[\"https:\/\/www.g-portal.com\/wiki\/fr\/conan-exiles\/\"]}]},{\"@type\":\"BreadcrumbList\",\"@id\":\"https:\/\/www.g-portal.com\/wiki\/fr\/conan-exiles\/#breadcrumb\",\"itemListElement\":[{\"@type\":\"ListItem\",\"position\":1,\"name\":\"Home\",\"item\":\"https:\/\/www.g-portal.com\/wiki\/en\/\"},{\"@type\":\"ListItem\",\"position\":2,\"name\":\"Conan Exiles\"}]},{\"@type\":\"WebSite\",\"@id\":\"https:\/\/www.g-portal.com\/wiki\/en\/#website\",\"url\":\"https:\/\/www.g-portal.com\/wiki\/en\/\",\"name\":\"GPORTAL Wiki\",\"description\":\"GPORTAL Wiki\",\"potentialAction\":[{\"@type\":\"SearchAction\",\"target\":{\"@type\":\"EntryPoint\",\"urlTemplate\":\"https:\/\/www.g-portal.com\/wiki\/en\/?s={search_term_string}\"},\"query-input\":\"required name=search_term_string\"}],\"inLanguage\":\"fr-FR\"}]}<\/script>\n<!-- \/ Yoast SEO plugin. -->","yoast_head_json":{"title":"Conan Exiles \u279c Tous les param\u00e8tres du serveur | GPORTAL Wiki","description":"Toutes les informations concernant nos param\u00e8tres de serveur Conan Exiles peuvent \u00eatre trouv\u00e9es dans notre GPORTAL Wiki \u2714 Des sauvegardes aux commandes d'administration \u25b6 Vous les trouverez ici !","robots":{"index":"index","follow":"follow","max-snippet":"max-snippet:-1","max-image-preview":"max-image-preview:large","max-video-preview":"max-video-preview:-1"},"canonical":"https:\/\/www.g-portal.com\/wiki\/fr\/conan-exiles\/","og_locale":"fr_FR","og_type":"article","og_title":"Conan Exiles \u279c Tous les param\u00e8tres du serveur | GPORTAL Wiki","og_description":"Toutes les informations concernant nos param\u00e8tres de serveur Conan Exiles peuvent \u00eatre trouv\u00e9es dans notre GPORTAL Wiki \u2714 Des sauvegardes aux commandes d'administration \u25b6 Vous les trouverez ici !","og_url":"https:\/\/www.g-portal.com\/wiki\/fr\/conan-exiles\/","og_site_name":"GPORTAL Wiki","article_modified_time":"2025-12-12T09:50:35+00:00","twitter_card":"summary_large_image","twitter_misc":{"Dur\u00e9e de lecture estim\u00e9e":"1 minute"},"schema":{"@context":"https:\/\/schema.org","@graph":[{"@type":"WebPage","@id":"https:\/\/www.g-portal.com\/wiki\/fr\/conan-exiles\/","url":"https:\/\/www.g-portal.com\/wiki\/fr\/conan-exiles\/","name":"Conan Exiles \u279c Tous les param\u00e8tres du serveur | GPORTAL Wiki","isPartOf":{"@id":"https:\/\/www.g-portal.com\/wiki\/en\/#website"},"datePublished":"2021-06-10T17:50:37+00:00","dateModified":"2025-12-12T09:50:35+00:00","description":"Toutes les informations concernant nos param\u00e8tres de serveur Conan Exiles peuvent \u00eatre trouv\u00e9es dans notre GPORTAL Wiki \u2714 Des sauvegardes aux commandes d'administration \u25b6 Vous les trouverez ici !","breadcrumb":{"@id":"https:\/\/www.g-portal.com\/wiki\/fr\/conan-exiles\/#breadcrumb"},"inLanguage":"fr-FR","potentialAction":[{"@type":"ReadAction","target":["https:\/\/www.g-portal.com\/wiki\/fr\/conan-exiles\/"]}]},{"@type":"BreadcrumbList","@id":"https:\/\/www.g-portal.com\/wiki\/fr\/conan-exiles\/#breadcrumb","itemListElement":[{"@type":"ListItem","position":1,"name":"Home","item":"https:\/\/www.g-portal.com\/wiki\/en\/"},{"@type":"ListItem","position":2,"name":"Conan Exiles"}]},{"@type":"WebSite","@id":"https:\/\/www.g-portal.com\/wiki\/en\/#website","url":"https:\/\/www.g-portal.com\/wiki\/en\/","name":"GPORTAL Wiki","description":"GPORTAL Wiki","potentialAction":[{"@type":"SearchAction","target":{"@type":"EntryPoint","urlTemplate":"https:\/\/www.g-portal.com\/wiki\/en\/?s={search_term_string}"},"query-input":"required name=search_term_string"}],"inLanguage":"fr-FR"}]}},"_links":{"self":[{"href":"https:\/\/www.g-portal.com\/wiki\/fr\/wp-json\/wp\/v2\/pages\/5908"}],"collection":[{"href":"https:\/\/www.g-portal.com\/wiki\/fr\/wp-json\/wp\/v2\/pages"}],"about":[{"href":"https:\/\/www.g-portal.com\/wiki\/fr\/wp-json\/wp\/v2\/types\/page"}],"author":[{"embeddable":true,"href":"https:\/\/www.g-portal.com\/wiki\/fr\/wp-json\/wp\/v2\/users\/2"}],"replies":[{"embeddable":true,"href":"https:\/\/www.g-portal.com\/wiki\/fr\/wp-json\/wp\/v2\/comments?post=5908"}],"version-history":[{"count":15,"href":"https:\/\/www.g-portal.com\/wiki\/fr\/wp-json\/wp\/v2\/pages\/5908\/revisions"}],"predecessor-version":[{"id":26834,"href":"https:\/\/www.g-portal.com\/wiki\/fr\/wp-json\/wp\/v2\/pages\/5908\/revisions\/26834"}],"wp:attachment":[{"href":"https:\/\/www.g-portal.com\/wiki\/fr\/wp-json\/wp\/v2\/media?parent=5908"}],"curies":[{"name":"wp","href":"https:\/\/api.w.org\/{rel}","templated":true}]}}